{"id":3222,"date":"2020-03-03T09:19:50","date_gmt":"2020-03-03T08:19:50","guid":{"rendered":"https:\/\/cms.fitness-wf.de\/wp_fi\/?page_id=3222"},"modified":"2022-10-11T11:15:43","modified_gmt":"2022-10-11T09:15:43","slug":"impressum","status":"publish","type":"page","link":"https:\/\/cms.fitness-wf.de\/wp_fi\/impressum\/","title":{"rendered":"Impressum"},"content":{"rendered":"\n<p class=\"has-small-font-size\">Impressum<br><br>Angaben gem\u00e4\u00df \u00a7 5 TMG:<br>Rehasport-Funktionstraining-Pr\u00e4vention WF e. V.<br>Reichsstrasse 5<br>38300 Wolfenb\u00fcttel<br>vertreten durch:<br>1. Vorsitzender: Johannes Ahlbrecht<br><br>Kontakt:<br>Telefon: +49 (0) 5331 2540<br>Telefax: +49 (0) 5331 1212<br>Email: info@fitness-wf.de<br><br>Datenschutzbeauftragter:<br>DATAPrivat Gmbh<br>Rainer Horbach<br>Sch\u00f6nrath Str. 85<br>52066 Aachen<br>Horbach@dataprivat.de<br><br>Registereintrag:<br>Eintragung im Vereinsregister.<br>Registergericht:Amtsgericht Braunschweig<br>Registernummer: VR 200520<br>Umsatzsteuer-ID:<br>Umsatzsteuer-Identifikationsnummer gem\u00e4\u00df \u00a727 a Umsatzsteuergesetz:<br>DE 51\/201\/28471<br>Aufsichtsbeh\u00f6rde:<br>angemeldet bei:<br>Gewerbeaufsichtsamt Wolfenb\u00fcttel<br>1. Vorsitzender: Johannes Ahlbrecht (Physiotherapeut und Heilpraktiker)<br><br>Angaben zur Berufshaftpflichtversicherung:<br><br>Name und Sitz der Gesellschaft:<br>Versicherung AXA Versicherung AG<br>Postfach: 920207<br>51152 K\u00f6ln<br>Hausanschrift:<br>Colonia-Allee 10 &#8211; 29<br>51067 K\u00f6ln<br>Geltungsraum der Versicherung: Deutschland<br><br>Verantwortlich f\u00fcr den Inhalt nach \u00a7 55 Abs. 2 RStV:<br>Johannes Ahlbrecht<br>Reichsstrasse 5<br>38300 Wolfenb\u00fcttel<br><br>Quellenangaben f\u00fcr die verwendeten Bilder und Grafiken:<br><br>bit media GmbH &#8211; Ein Unternehmen der Gobas Gruppe, Im Fischteich 11, 38268 Lengede, <a rel=\"noreferrer noopener\" href=\"https:\/\/l.facebook.com\/l.php?u=http%3A%2F%2Fwww.gobas.de%2F%3Ffbclid%3DIwAR1i_4sDAkrYJc833v1HTFIe66VoeD3v-Hsqj4jVE2Y17Qb4qb5MqJSAZ5M&amp;h=AT0SKhJ5cx95KdO805kWwSkrwcfU43rfjgWpXJxtce5KSLPgZLgiE-o8meH_gWyEfeD8r3MsuFtMLqffbpAYzxGMkX4WHjMbPX7Tb2emPoF5tmJqbq4m_gH16UH4JEn6ImvaD8o\" target=\"_blank\">www.gobas.de<\/a><br><br>FREI NORD<br>Friesenweg 2a, 22763 Hamburg<br>Tel. 040 \/ 890 61 63<br>info@frei-nord.de <a rel=\"noreferrer noopener\" href=\"https:\/\/l.facebook.com\/l.php?u=http%3A%2F%2Fwww.frei-nord.de%2F%3Ffbclid%3DIwAR2dCzPBBuATNYzF15DKGtpfFJ49gbO1ifWvM_f1y_aBUuWB1jRL11aXsnE&amp;h=AT0yFpQFHzKZC2aXG2mxEgHjCfQaXMKT0zpGFKkPNfvoV69WhWp0hSvboDM4qKhglbH2Ap10ZCRdYdXYdgPeHX4HkWWHmLWsY9gP0GM1COG75gq4IA5NlWG6ynBdD5Rd6d3kT1k\" target=\"_blank\">www.frei-nord.de<\/a><br><br>Adobe Stock<br><br>Hinweis auf EU-Streitschlichtung<br>Die Europ\u00e4ische Kommission stellt eine Plattform zur Online-Streitbeilegung (OS) bereit:<a rel=\"noreferrer noopener\" href=\"https:\/\/l.facebook.com\/l.php?u=http%3A%2F%2Fec.europa.eu%2Fconsumers%2Fodr%3Ffbclid%3DIwAR2Fgz8Ho6WdZWKkDdv59njgH3Vx377gLxdclECdcjjzic7iTvs1FWxKXPU&amp;h=AT0_uBnk9nq1WS9NoDQM1AzP5hb80twJL0YVZ4xSSA-lH97VdmD1O4mR3w5NppbkGQl_svPL7RZH4OHmiotNZBJBjqMfG_6J3CNz_mapQfVduypFX-uLwAUvY2zhgtWWakOF-KQ\" target=\"_blank\">http:\/\/ec.europa.eu\/consumers\/odr<\/a><br><br>Unsere E-Mail-Adresse finden sie oben im Impressum.<br><br>Haftungsausschluss (Disclaimer)<br><br>Haftung f\u00fcr Inhalte<br>Als Diensteanbieter sind wir gem\u00e4\u00df \u00a7 7 Abs.1 TMG f\u00fcr eigene Inhalte auf diesen Seiten nach den allgemeinen Gesetzen verantwortlich. Nach \u00a7\u00a7 8 bis 10 TMG sind wir als Diensteanbieter jedoch nicht verpflichtet, \u00fcbermittelte oder gespeicherte fremde Informationen zu \u00fcberwachen oder nach Umst\u00e4nden zu forschen, die auf rechtswidrige T\u00e4tigkeit hinweisen.<br><br>Verpflichtungen zur Entfernung oder Sperrung der Nutzung von Informationen nach den allgemeinen Gesetzen bleiben hiervon unber\u00fchrt. Eine diesbez\u00fcgliche Haftung ist jedoch erst ab dem Zeitpunkt der Kenntnis einer konkreten Rechtsverletzung m\u00f6glich. Bei Bekanntwerden von entsprechenden Rechtsverletzungen werden wir diese Inhalte umgehend entfernen. <br><br>Haftung f\u00fcr Links<br>Unser Angebot enth\u00e4lt Links zu externen Webseiten Dritter, auf deren Inhalte wir keinen Einfluss haben. Deshalb k\u00f6nnen wir f\u00fcr diese fremden Inhalte auch keine Gew\u00e4hr \u00fcbernehmen. F\u00fcr die Inhalte der verlinkten Seiten ist stets der jeweilige Anbieter oder Betreiber der Seiten verantwortlich. Die verlinkten Seiten wurden zum Zeitpunkt der Verlinkung auf m\u00f6gliche Rechtsverst\u00f6\u00dfe gepr\u00fcft. Rechtswidrige Inhalte waren zum Zeitpunkt der Verlinkung nicht erkennbar. <br><br>Eine permanente inhaltliche Kontrolle der verlinkten Seiten ist jedoch ohne konkrete Anhaltspunkte einer Rechtsverletzung nicht zumutbar. Bei Bekanntwerden von Rechtsverletzungen\u00a0werden wir derartige Links umgehend entfernen. <br><br>Urheberrecht<br>Die durch die Seitenbetreiber erstellten Inhalte und Werke auf diesen Seiten unterliegen dem deutschen Urheberrecht. Die Vervielf\u00e4ltigung, Bearbeitung und jede Art der Verwertung au\u00dferhalb der Grenzen des Urheberrechts bed\u00fcrfen der schriftlichen Zustimmung des jeweiligen Autors bzw Erstellers. Downloads und Kopien dieser Seite sind nur f\u00fcr den privaten, nicht kommerziellen Gebrauch gestattet. <br><br>Soweit die Inhalte auf dieser Seite nicht vom Betreiber erstellt wurden, werden die Urheberrechte Dritter beachtet. Insbesondere werden Inhalte Dritter als solche gekennzeichnet. Sollten Sie trotzdem auf eine Urheberrechtsverletzung aufmerksam werden, bitten wir um einen entsprechenden Hinweis. Bei Bekanntwerden von Rechtsverletzungen werden wir derartige Inhalte umgehend entfernen. <br><\/p>\n\n\n\n<p><\/p>\n","protected":false},"excerpt":{"rendered":"<p>Impressum Angaben gem\u00e4\u00df \u00a7 5 TMG:Rehasport-Funktionstraining-Pr\u00e4vention WF e. V.Reichsstrasse 538300 Wolfenb\u00fcttelvertreten durch:1. Vorsitzender: Johannes Ahlbrecht Kontakt:Telefon: +49 (0) 5331 2540Telefax: +49 (0) 5331 1212Email: info@fitness-wf.de Datenschutzbeauftragter:DATAPrivat GmbhRainer HorbachSch\u00f6nrath Str. 8552066 AachenHorbach@dataprivat.de Registereintrag:Eintragung im Vereinsregister.Registergericht:Amtsgericht BraunschweigRegisternummer: VR 200520Umsatzsteuer-ID:Umsatzsteuer-Identifikationsnummer gem\u00e4\u00df \u00a727 a Umsatzsteuergesetz:DE 51\/201\/28471Aufsichtsbeh\u00f6rde:angemeldet bei:Gewerbeaufsichtsamt Wolfenb\u00fcttel1. Vorsitzender: Johannes Ahlbrecht (Physiotherapeut und Heilpraktiker) Angaben zur Berufshaftpflichtversicherung: Name und [&hellip;]<\/p>\n","protected":false},"author":1,"featured_media":0,"parent":0,"menu_order":0,"comment_status":"closed","ping_status":"closed","template":"","meta":{"footnotes":""},"class_list":["post-3222","page","type-page","status-publish","hentry"],"_links":{"self":[{"href":"https:\/\/cms.fitness-wf.de\/wp_fi\/wp-json\/wp\/v2\/pages\/3222","targetHints":{"allow":["GET"]}}],"collection":[{"href":"https:\/\/cms.fitness-wf.de\/wp_fi\/wp-json\/wp\/v2\/pages"}],"about":[{"href":"https:\/\/cms.fitness-wf.de\/wp_fi\/wp-json\/wp\/v2\/types\/page"}],"author":[{"embeddable":true,"href":"https:\/\/cms.fitness-wf.de\/wp_fi\/wp-json\/wp\/v2\/users\/1"}],"replies":[{"embeddable":true,"href":"https:\/\/cms.fitness-wf.de\/wp_fi\/wp-json\/wp\/v2\/comments?post=3222"}],"version-history":[{"count":10,"href":"https:\/\/cms.fitness-wf.de\/wp_fi\/wp-json\/wp\/v2\/pages\/3222\/revisions"}],"predecessor-version":[{"id":3794,"href":"https:\/\/cms.fitness-wf.de\/wp_fi\/wp-json\/wp\/v2\/pages\/3222\/revisions\/3794"}],"wp:attachment":[{"href":"https:\/\/cms.fitness-wf.de\/wp_fi\/wp-json\/wp\/v2\/media?parent=3222"}],"curies":[{"name":"wp","href":"https:\/\/api.w.org\/{rel}","templated":true}]}}